{"id":13,"date":"2015-11-26T14:50:17","date_gmt":"2015-11-26T14:50:17","guid":{"rendered":"http:\/\/seventhqueen.com\/themes\/kleo\/food\/?page_id=5"},"modified":"2023-08-07T10:06:02","modified_gmt":"2023-08-07T13:06:02","slug":"home","status":"publish","type":"page","link":"https:\/\/four-master.com\/","title":{"rendered":"Home"},"content":{"rendered":"<section class=\"wpb-content-wrapper\"><p>[vc_row el_id=&#8221;home&#8221; inner_container=&#8221;no&#8221; text_align=&#8221;center&#8221; text_color=&#8221;#ffffff&#8221; type=&#8221;image&#8221; enable_parallax=&#8221;false&#8221; parallax_speed=&#8221;0.3&#8243; padding_top=&#8221;0&#8243; padding_bottom=&#8221;0&#8243; padding_left=&#8221;0&#8243; padding_right=&#8221;0&#8243;][vc_column css=&#8221;.vc_custom_1690460223325{background-position: center !important;background-repeat: no-repeat !important;background-size: cover !important;}&#8221;]\n\t\t\t<!-- START HomeFullwidth 1 REVOLUTION SLIDER 6.6.14 --><p class=\"rs-p-wp-fix\"><\/p>\n\t\t\t<rs-module-wrap id=\"rev_slider_1_1_wrapper\" data-source=\"gallery\" style=\"visibility:hidden;background:#000000;padding:0;margin:0px auto;margin-top:0;margin-bottom:0;\">\n\t\t\t\t<rs-module id=\"rev_slider_1_1\" style=\"\" data-version=\"6.6.14\">\n\t\t\t\t\t<rs-slides style=\"overflow: hidden; position: absolute;\">\n\t\t\t\t\t\t<rs-slide style=\"position: absolute;\" data-key=\"rs-1\" data-title=\"Slide\" data-duration=\"8770\" data-anim=\"ms:600;\" data-in=\"o:0;\" data-out=\"a:false;\">\n\t\t\t\t\t\t\t<img src=\"\/\/four-master.com\/wp-content\/plugins\/revslider\/public\/assets\/assets\/dummy.png\" alt=\"\" title=\"slider-bk1\" width=\"1650\" height=\"900\" class=\"rev-slidebg tp-rs-img rs-lazyload\" data-lazyload=\"\/\/four-master.com\/wp-content\/uploads\/2023\/07\/slider-bk1.jpg\" data-parallax=\"off\" data-no-retina>\n<!--\n\t\t\t\t\t\t\t--><rs-layer\n\t\t\t\t\t\t\t\tid=\"slider-1-slide-1-layer-2\" \n\t\t\t\t\t\t\t\tdata-type=\"image\"\n\t\t\t\t\t\t\t\tdata-bsh=\"h:10px,10px,10px,3px;v:10px,10px,10px,3px;b:10px,10px,10px,3px;\"\n\t\t\t\t\t\t\t\tdata-rsp_ch=\"on\"\n\t\t\t\t\t\t\t\tdata-xy=\"x:c;y:m;\"\n\t\t\t\t\t\t\t\tdata-text=\"w:normal;s:20,20,20,7;l:0,0,0,9;\"\n\t\t\t\t\t\t\t\tdata-dim=\"w:1650px,1650px,1650px,893px;h:900px,900px,900px,487px;\"\n\t\t\t\t\t\t\t\tdata-frame_1=\"e:power0.in;st:600;sR:600;\"\n\t\t\t\t\t\t\t\tdata-frame_999=\"o:0;st:w;sR:7870;\"\n\t\t\t\t\t\t\t\tstyle=\"z-index:6;\"\n\t\t\t\t\t\t\t><img src=\"\/\/four-master.com\/wp-content\/plugins\/revslider\/public\/assets\/assets\/dummy.png\" alt=\"\" class=\"tp-rs-img rs-lazyload\" width=\"1650\" height=\"900\" data-lazyload=\"\/\/four-master.com\/wp-content\/uploads\/2023\/08\/slider-bk-logo.png\" data-no-retina> \n\t\t\t\t\t\t\t<\/rs-layer><!--\n-->\t\t\t\t\t\t<\/rs-slide>\n\t\t\t\t\t<\/rs-slides>\n\t\t\t\t<\/rs-module>\n\t\t\t\t<script>\n\t\t\t\t\tsetREVStartSize({c: 'rev_slider_1_1',rl:[1240,1240,1240,480],el:[800,800,800,600],gw:[1170,1170,1170,480],gh:[800,800,800,600],type:'standard',justify:'',layout:'fullwidth',mh:\"0\"});if (window.RS_MODULES!==undefined && window.RS_MODULES.modules!==undefined && window.RS_MODULES.modules[\"revslider11\"]!==undefined) {window.RS_MODULES.modules[\"revslider11\"].once = false;window.revapi1 = undefined;if (window.RS_MODULES.checkMinimal!==undefined) window.RS_MODULES.checkMinimal()}\n\t\t\t\t<\/script>\n\t\t\t<\/rs-module-wrap>\n\t\t\t<!-- END REVOLUTION SLIDER -->\n[\/vc_column][\/vc_row][vc_row type=&#8221;color&#8221; bg_color=&#8221;#f8f8f8&#8243; column_gap=&#8221;no&#8221; padding_top=&#8221;0&#8243; padding_bottom=&#8221;0&#8243;][vc_column z_index=&#8221;10&#8243; css=&#8221;.vc_custom_1454348779620{margin-top: -40px !important;background-color: #ffffff !important;}&#8221; offset=&#8221;vc_col-lg-offset-1 vc_col-lg-10 vc_col-md-offset-1 vc_col-md-10 vc_col-xs-12&#8243;][vc_row_inner equal_height=&#8221;yes&#8221; content_placement=&#8221;middle&#8221;][vc_column_inner]<div  class=\"kleo-gap\" style=\"height:50px;line-height:50px;\"><\/div>[vc_custom_heading text=&#8221;SOMOS UNA EMPRESA L\u00cdDER EN LA REALIZACI\u00d3N DE SERVICIOS DE LIMPIEZA&#8221; font_container=&#8221;tag:h2|font_size:30px|text_align:center|color:%231b5f62|line_height:36px&#8221; use_theme_fonts=&#8221;yes&#8221; css=&#8221;.vc_custom_1690465142018{margin-bottom: 15px !important;}&#8221;][vc_separator color=&#8221;peacoc&#8221; border_width=&#8221;4&#8243; el_width=&#8221;20&#8243; css=&#8221;.vc_custom_1690463944659{margin-bottom: 35px !important;}&#8221;][vc_column_text css=&#8221;.vc_custom_1691412888906{margin-bottom: 20px !important;padding-right: 40px !important;padding-left: 40px !important;}&#8221;]<\/p>\n<p style=\"text-align: center;\">En base a la experiencia, capacidad y conocimiento de las personas que la forman, desde sus directivos hasta el plantel operativo, es que tratamos de hacer de la prestaci\u00f3n una especialidad donde nuestro cliente quede conforme y satisfecho de los resultados obtenidos.<\/p>\n<p style=\"text-align: center;\">Ofrecemos el producto adecuado para cada necesidad, brindando un asesoramiento permanente, y ofreciendo siempre los mejores precios del mercado. Disponemos de alta experiencia en la limpieza de todo tipo de edificios, empresas, oficinas, hospitales, cl\u00ednicas, establecimientos, etc. lo que nos permite ofrecerle la seguridad de dejar sus instalaciones con los mejores niveles de mantenimiento.<\/p>\n<p>[\/vc_column_text]<div  class=\"kleo-gap\" style=\"height:50px;line-height:50px;\"><\/div>[\/vc_column_inner][\/vc_row_inner][\/vc_column][\/vc_row][vc_row el_id=&#8221;nosotros&#8221; inner_container=&#8221;no&#8221; text_align=&#8221;center&#8221; type=&#8221;image&#8221; bg_position=&#8221;center&#8221; bg_position_horizontal=&#8221;center&#8221; bg_attachment=&#8221;true&#8221; enable_parallax=&#8221;false&#8221; parallax_speed=&#8221;0.3&#8243; column_gap=&#8221;no&#8221; padding_top=&#8221;&#8221; padding_bottom=&#8221;&#8221; bg_image=&#8221;96&#8243;][vc_column]<div  class=\"kleo-gap\" style=\"height:200px;line-height:200px;\"><\/div>[vc_custom_heading text=&#8221;NOSOTROS&#8221; font_container=&#8221;tag:h1|font_size:70|text_align:center|color:%23519fae|line_height:150px&#8221; use_theme_fonts=&#8221;yes&#8221; letter_spacing=&#8221;50&#8243; responsive_font=&#8221;yes&#8221; font_size_xs=&#8221;25&#8243; line_height_xs=&#8221;30&#8243;]<div  class=\"kleo-gap\" style=\"height:200px;line-height:200px;\"><\/div>[\/vc_column][\/vc_row][vc_row type=&#8221;color&#8221; bg_color=&#8221;#f8f8f8&#8243; column_gap=&#8221;no&#8221; padding_top=&#8221;0&#8243; padding_bottom=&#8221;0&#8243;][vc_column z_index=&#8221;10&#8243; css=&#8221;.vc_custom_1454348779620{margin-top: -40px !important;background-color: #ffffff !important;}&#8221; offset=&#8221;vc_col-lg-offset-1 vc_col-lg-10 vc_col-md-offset-1 vc_col-md-10 vc_col-xs-12&#8243;][vc_row_inner equal_height=&#8221;yes&#8221; content_placement=&#8221;middle&#8221; css=&#8221;.vc_custom_1454272966774{margin-top: 0px !important;margin-right: 0px !important;margin-bottom: 0px !important;margin-left: 0px !important;}&#8221;][vc_column_inner width=&#8221;1\/2&#8243; offset=&#8221;vc_col-lg-4 vc_col-md-4 vc_col-xs-12&#8243; css=&#8221;.vc_custom_1448622906440{padding-right: 0px !important;padding-left: 0px !important;}&#8221;]<div  class=\"kleo-gap\" style=\"height:50px;line-height:50px;\"><\/div>[vc_custom_heading text=&#8221;GARANT\u00cdA&#8221; font_container=&#8221;tag:h2|font_size:30px|text_align:center|color:%231b5f62|line_height:36px&#8221; use_theme_fonts=&#8221;yes&#8221; css=&#8221;.vc_custom_1690460535163{margin-bottom: 15px !important;}&#8221;][vc_separator color=&#8221;peacoc&#8221; border_width=&#8221;4&#8243; el_width=&#8221;20&#8243; css=&#8221;.vc_custom_1690463944659{margin-bottom: 35px !important;}&#8221;][vc_column_text css=&#8221;.vc_custom_1690460615103{margin-bottom: 20px !important;padding-right: 40px !important;padding-left: 40px !important;}&#8221;]<\/p>\n<p style=\"text-align: center;\">Nuestra empresa ofrece la garant\u00eda de su personal y la implementaci\u00f3n de los servicios con maquinarias de \u00faltima tecnolog\u00eda y productos de alta calidad.<\/p>\n<p>[\/vc_column_text]<div  class=\"kleo-gap\" style=\"height:50px;line-height:50px;\"><\/div>[\/vc_column_inner][vc_column_inner width=&#8221;1\/2&#8243; offset=&#8221;vc_col-lg-8 vc_col-md-8 vc_col-xs-12&#8243; css=&#8221;.vc_custom_1690461523811{padding-right: 0px !important;padding-left: 0px !important;background-image: url(http:\/\/four-master.com\/wp-content\/uploads\/2023\/07\/garantia.png?id=91) !important;background-position: center !important;background-repeat: no-repeat !important;background-size: cover !important;}&#8221;]<div  class=\"kleo-gap\" style=\"height:200px;line-height:200px;\"><\/div>[\/vc_column_inner][\/vc_row_inner][vc_row_inner equal_height=&#8221;yes&#8221; content_placement=&#8221;middle&#8221; css=&#8221;.vc_custom_1454350387279{margin-right: 0px !important;margin-bottom: 0px !important;margin-left: 0px !important;}&#8221;][vc_column_inner width=&#8221;1\/2&#8243; offset=&#8221;vc_col-lg-4 vc_col-md-4 vc_col-xs-12&#8243; css=&#8221;.vc_custom_1690461534056{padding-right: 0px !important;padding-left: 0px !important;background-image: url(http:\/\/four-master.com\/wp-content\/uploads\/2023\/07\/propuesta.png?id=92) !important;background-position: center !important;background-repeat: no-repeat !important;background-size: cover !important;}&#8221;]<div  class=\"kleo-gap\" style=\"height:200px;line-height:200px;\"><\/div>[\/vc_column_inner][vc_column_inner width=&#8221;1\/2&#8243; offset=&#8221;vc_col-lg-8 vc_col-md-8 vc_col-xs-12&#8243; css=&#8221;.vc_custom_1448622918786{padding-right: 0px !important;padding-left: 0px !important;}&#8221;]<div  class=\"kleo-gap\" style=\"height:50px;line-height:50px;\"><\/div>[vc_custom_heading text=&#8221;PROPUESTA&#8221; font_container=&#8221;tag:h2|font_size:30px|text_align:center|color:%231b5f62|line_height:36px&#8221; use_theme_fonts=&#8221;yes&#8221;][vc_separator color=&#8221;peacoc&#8221; border_width=&#8221;4&#8243; el_width=&#8221;20&#8243; css=&#8221;.vc_custom_1690463949560{margin-bottom: 35px !important;}&#8221;][vc_column_text css=&#8221;.vc_custom_1690460730408{padding-right: 40px !important;padding-left: 40px !important;}&#8221;]<\/p>\n<p style=\"text-align: center;\">Nuestra propuesta es que nos conozcan; y en la eficacia del servicio que brindamos, noten la diferencia. Para mayor informe a sus dudas lo invitamos a contactarnos.<\/p>\n<p>[\/vc_column_text]<div  class=\"kleo-gap\" style=\"height:50px;line-height:50px;\"><\/div>[\/vc_column_inner][\/vc_row_inner][\/vc_column][\/vc_row][vc_row el_id=&#8221;servicios&#8221; inner_container=&#8221;no&#8221; text_align=&#8221;center&#8221; type=&#8221;image&#8221; bg_position=&#8221;center&#8221; bg_position_horizontal=&#8221;center&#8221; bg_attachment=&#8221;true&#8221; enable_parallax=&#8221;false&#8221; parallax_speed=&#8221;0.3&#8243; column_gap=&#8221;no&#8221; padding_top=&#8221;&#8221; padding_bottom=&#8221;&#8221; bg_image=&#8221;103&#8243;][vc_column]<div  class=\"kleo-gap\" style=\"height:200px;line-height:200px;\"><\/div>[vc_custom_heading text=&#8221;SERVICIOS&#8221; font_container=&#8221;tag:h1|font_size:70|text_align:center|color:%23519fae|line_height:150px&#8221; use_theme_fonts=&#8221;yes&#8221; letter_spacing=&#8221;50&#8243; responsive_font=&#8221;yes&#8221; font_size_xs=&#8221;25&#8243; line_height_xs=&#8221;30&#8243;]<div  class=\"kleo-gap\" style=\"height:200px;line-height:200px;\"><\/div>[\/vc_column][\/vc_row][vc_row type=&#8221;color&#8221; bg_color=&#8221;#d0d2d8&#8243; column_gap=&#8221;no&#8221; padding_top=&#8221;0&#8243; padding_bottom=&#8221;0&#8243;][vc_column z_index=&#8221;10&#8243; css=&#8221;.vc_custom_1454348779620{margin-top: -40px !important;background-color: #ffffff !important;}&#8221; offset=&#8221;vc_col-lg-offset-1 vc_col-lg-10 vc_col-md-offset-1 vc_col-md-10 vc_col-xs-12&#8243;][vc_row_inner equal_height=&#8221;yes&#8221; content_placement=&#8221;middle&#8221; css=&#8221;.vc_custom_1454272966774{margin-top: 0px !important;margin-right: 0px !important;margin-bottom: 0px !important;margin-left: 0px !important;}&#8221;][vc_column_inner width=&#8221;1\/3&#8243; offset=&#8221;vc_col-lg-4 vc_col-md-4 vc_col-xs-12&#8243; css=&#8221;.vc_custom_1448622906440{padding-right: 0px !important;padding-left: 0px !important;}&#8221;]<div  class=\"kleo-gap\" style=\"height:50px;line-height:50px;\"><\/div>[vc_single_image image=&#8221;120&#8243; alignment=&#8221;center&#8221;][vc_custom_heading text=&#8221;HIGIENIZACI\u00d3N, LIMPIEZA Y MANTENIMIENTO&#8221; font_container=&#8221;tag:h2|font_size:30px|text_align:center|color:%231b5f62|line_height:36px&#8221; use_theme_fonts=&#8221;yes&#8221; css=&#8221;.vc_custom_1690466159785{margin-bottom: 15px !important;}&#8221;][vc_separator color=&#8221;peacoc&#8221; border_width=&#8221;4&#8243; el_width=&#8221;20&#8243; css=&#8221;.vc_custom_1690463944659{margin-bottom: 35px !important;}&#8221;][vc_column_text css=&#8221;.vc_custom_1690466209104{margin-bottom: 20px !important;padding-right: 40px !important;padding-left: 40px !important;}&#8221;]Realizamos todo tipo de labores de limpieza y mantenimiento en peque\u00f1as, medianas y grandes empresas.<\/p>\n<p>Nos adecuamos a los horarios y necesidades de nuestros clientes, ofreci\u00e9ndoles un servicio totalmente adaptado y personalizado.[\/vc_column_text]<div  class=\"kleo-gap\" style=\"height:50px;line-height:50px;\"><\/div>[\/vc_column_inner][vc_column_inner width=&#8221;1\/3&#8243;]<div  class=\"kleo-gap\" style=\"height:50px;line-height:50px;\"><\/div>[vc_single_image image=&#8221;121&#8243; alignment=&#8221;center&#8221;][vc_custom_heading text=&#8221;DESRATIZACI\u00d3N Y DESINFECCI\u00d3N&#8221; font_container=&#8221;tag:h2|font_size:30px|text_align:center|color:%231b5f62|line_height:36px&#8221; use_theme_fonts=&#8221;yes&#8221; css=&#8221;.vc_custom_1690466170334{margin-bottom: 15px !important;}&#8221;][vc_separator color=&#8221;peacoc&#8221; border_width=&#8221;4&#8243; el_width=&#8221;20&#8243; css=&#8221;.vc_custom_1690463944659{margin-bottom: 35px !important;}&#8221;][vc_column_text css=&#8221;.vc_custom_1690466226094{margin-bottom: 20px !important;padding-right: 40px !important;padding-left: 40px !important;}&#8221;]La prestaci\u00f3n de servicios con un nivel de calidad adecuado est\u00e1 \u00edntimamente relacionado con la higiene y la salud.<\/p>\n<p>Todo establecimiento posee una responsabilidad de cara a sus clientes, a los que no pueden permitirse ocasionar problemas de tipo sanitario.[\/vc_column_text]<div  class=\"kleo-gap\" style=\"height:50px;line-height:50px;\"><\/div>[\/vc_column_inner][vc_column_inner width=&#8221;1\/3&#8243;]<div  class=\"kleo-gap\" style=\"height:50px;line-height:50px;\"><\/div>[vc_single_image image=&#8221;122&#8243; alignment=&#8221;center&#8221;][vc_custom_heading text=&#8221;LIMPIEZA Y MANTENIMIENTO DE ESPACIOS VERDES&#8221; font_container=&#8221;tag:h2|font_size:30px|text_align:center|color:%231b5f62|line_height:36px&#8221; use_theme_fonts=&#8221;yes&#8221; css=&#8221;.vc_custom_1690466182420{margin-bottom: 15px !important;}&#8221;][vc_separator color=&#8221;peacoc&#8221; border_width=&#8221;4&#8243; el_width=&#8221;20&#8243; css=&#8221;.vc_custom_1690463944659{margin-bottom: 35px !important;}&#8221;][vc_column_text css=&#8221;.vc_custom_1690466251497{margin-bottom: 20px !important;padding-right: 40px !important;padding-left: 40px !important;}&#8221;]<\/p>\n<p style=\"text-align: left;\">Este servicio se basa en el mantenimiento de espacios verdes urbanos, identificando toda vegetaci\u00f3n que posiblemente pueda entorpecer el correcto crecimiento de las plantas; como as\u00ed tambi\u00e9n la est\u00e9tica de las mismas.<\/p>\n<p>[\/vc_column_text]<div  class=\"kleo-gap\" style=\"height:50px;line-height:50px;\"><\/div>[\/vc_column_inner][\/vc_row_inner][\/vc_column][\/vc_row][vc_row text_align=&#8221;center&#8221; type=&#8221;image&#8221; vertical_align=&#8221;yes&#8221; padding_top=&#8221;80&#8243; padding_bottom=&#8221;80&#8243; bg_image=&#8221;108&#8243;][vc_column offset=&#8221;vc_col-lg-offset-3 vc_col-lg-6 vc_col-md-offset-3 vc_col-md-6 vc_col-xs-12&#8243;][vc_custom_heading text=&#8221;Servicios de Limpieza diaria para:&#8221; font_container=&#8221;tag:h2|font_size:30px|text_align:center|color:%23ffffff|line_height:36px&#8221; use_theme_fonts=&#8221;yes&#8221; css=&#8221;.vc_custom_1690540800726{margin-bottom: 15px !important;}&#8221;][vc_separator color=&#8221;white&#8221; border_width=&#8221;4&#8243; el_width=&#8221;20&#8243; css=&#8221;.vc_custom_1690540792287{margin-bottom: 35px !important;}&#8221;]<div  class=\"kleo-gap\" style=\"height:40px;line-height:40px;\"><\/div>[vc_row_inner][vc_column_inner width=&#8221;1\/3&#8243;][vc_column_text text_color=&#8221;#ffffff&#8221; font_size=&#8221;17&#8243; css=&#8221;.vc_custom_1690654620825{margin-top: 0px !important;}&#8221;]<\/p>\n<p style=\"text-align: left;\">\u2022 Oficinas<br \/>\n\u2022 Comercios<br \/>\n\u2022 Plantas industriales<br \/>\n\u2022 Establecimientos educativos<br \/>\n\u2022 Barrios Privados<\/p>\n<p>[\/vc_column_text][\/vc_column_inner][vc_column_inner width=&#8221;1\/3&#8243;][vc_column_text text_color=&#8221;#ffffff&#8221; font_size=&#8221;17&#8243; css=&#8221;.vc_custom_1690654627382{margin-top: 0px !important;}&#8221;]<\/p>\n<p style=\"text-align: left;\">\u2022 Cl\u00ednicas y Laboratorios<br \/>\n\u2022 Consorcios<br \/>\n\u2022 Shoppings<br \/>\n\u2022 Bancos<br \/>\n\u2022 Supermercados<\/p>\n<p>[\/vc_column_text][\/vc_column_inner][vc_column_inner width=&#8221;1\/3&#8243;][vc_column_text text_color=&#8221;#ffffff&#8221; font_size=&#8221;17&#8243; css=&#8221;.vc_custom_1690654634437{margin-top: 0px !important;}&#8221;]<\/p>\n<p style=\"text-align: left;\">\u2022 Concesionarios<br \/>\n\u2022 Universidades<br \/>\n\u2022 Peque\u00f1as Pymes<br \/>\n\u2022 Subtes y Ferrocarriles<br \/>\n\u2022 Organismos del Estado<\/p>\n<p>[\/vc_column_text][\/vc_column_inner][\/vc_row_inner][\/vc_column][\/vc_row][vc_row type=&#8221;color&#8221; bg_color=&#8221;#f8f8f8&#8243; column_gap=&#8221;no&#8221; padding_top=&#8221;0&#8243; padding_bottom=&#8221;0&#8243;][vc_column z_index=&#8221;10&#8243; css=&#8221;.vc_custom_1454348779620{margin-top: -40px !important;background-color: #ffffff !important;}&#8221; offset=&#8221;vc_col-lg-offset-1 vc_col-lg-10 vc_col-md-offset-1 vc_col-md-10 vc_col-xs-12&#8243;][vc_row_inner equal_height=&#8221;yes&#8221; content_placement=&#8221;middle&#8221;][vc_column_inner]<div  class=\"kleo-gap\" style=\"height:50px;line-height:50px;\"><\/div>[vc_custom_heading text=&#8221;SERVICIO DE LIMPIEZA PARA CONSORCIOS<br \/>\nRESIDENCIALES Y\/ COMERCIALES&#8221; font_container=&#8221;tag:h2|font_size:30px|text_align:center|color:%231b5f62|line_height:36px&#8221; use_theme_fonts=&#8221;yes&#8221; css=&#8221;.vc_custom_1690542657817{margin-bottom: 15px !important;}&#8221;][vc_separator color=&#8221;peacoc&#8221; border_width=&#8221;4&#8243; el_width=&#8221;20&#8243; css=&#8221;.vc_custom_1690463944659{margin-bottom: 35px !important;}&#8221;][vc_column_text css=&#8221;.vc_custom_1690542549440{margin-bottom: 20px !important;padding-right: 40px !important;padding-left: 40px !important;}&#8221;]<\/p>\n<p style=\"text-align: center;\">Nuestra empresa ha desarrollado un<strong> SERVICIO INTEGRAL DE LIMPIEZA para consorcios residenciales<\/strong>, proporcionando todos los recursos humanos y materiales necesarios para mantener y conservar el normal funcionamiento de las \u00e1reas comunes.<br \/>\nLas ventajas de poder tercerizar estas tareas permite <strong>prescindir de contratar por parte del consorcio a personal bajo relaci\u00f3n de dependencia.<\/strong><\/p>\n<p style=\"text-align: center;\">Es tambi\u00e9n muy importante el beneficio econ\u00f3mico que esta modalidad trae aparejado, y la satisfacci\u00f3n de nuestros clientes es nuestra mayor recompensa.<\/p>\n<p>[\/vc_column_text]<div  class=\"kleo-gap\" style=\"height:50px;line-height:50px;\"><\/div>[\/vc_column_inner][\/vc_row_inner][\/vc_column][\/vc_row][vc_row el_id=&#8221;contact&#8221; text_align=&#8221;center&#8221; type=&#8221;color&#8221; bg_color=&#8221;#1b5f62&#8243; vertical_align=&#8221;yes&#8221; padding_top=&#8221;80&#8243; padding_bottom=&#8221;80&#8243;][vc_column offset=&#8221;vc_col-lg-offset-3 vc_col-lg-6 vc_col-md-offset-3 vc_col-md-6 vc_col-xs-12&#8243;][vc_custom_heading text=&#8221;Cont\u00e1ctenos y pida su PRESUPUESTO SIN CARGO&#8221; font_container=&#8221;tag:h2|font_size:30px|text_align:center|color:%23ffffff|line_height:36px&#8221; use_theme_fonts=&#8221;yes&#8221; css=&#8221;.vc_custom_1690542954469{margin-bottom: 15px !important;}&#8221;][vc_separator color=&#8221;white&#8221; border_width=&#8221;4&#8243; el_width=&#8221;20&#8243; css=&#8221;.vc_custom_1690542964516{margin-bottom: 35px !important;}&#8221;]\n<div class=\"wpcf7 no-js\" id=\"wpcf7-f28-o1\" lang=\"es-AR\" dir=\"ltr\">\n<div class=\"screen-reader-response\"><p role=\"status\" aria-live=\"polite\" aria-atomic=\"true\"><\/p> <ul><\/ul><\/div>\n<form action=\"\/index.php\/wp-json\/wp\/v2\/pages\/13#wpcf7-f28-o1\" method=\"post\" class=\"wpcf7-form init\" aria-label=\"Formulario de contacto\" novalidate=\"novalidate\" data-status=\"init\">\n<div style=\"display: none;\">\n<input type=\"hidden\" name=\"_wpcf7\" value=\"28\" \/>\n<input type=\"hidden\" name=\"_wpcf7_version\" value=\"5.7.7\" \/>\n<input type=\"hidden\" name=\"_wpcf7_locale\" value=\"es_AR\" \/>\n<input type=\"hidden\" name=\"_wpcf7_unit_tag\" value=\"wpcf7-f28-o1\" \/>\n<input type=\"hidden\" name=\"_wpcf7_container_post\" value=\"0\" \/>\n<input type=\"hidden\" name=\"_wpcf7_posted_data_hash\" value=\"\" \/>\n<\/div>\n<p><label> Nombre<br \/>\n<span class=\"wpcf7-form-control-wrap\" data-name=\"your-name\"><input size=\"40\" class=\"wpcf7-form-control wpcf7-text wpcf7-validates-as-required\" autocomplete=\"name\" aria-required=\"true\" aria-invalid=\"false\" value=\"\" type=\"text\" name=\"your-name\" \/><\/span> <\/label>\n<\/p>\n<p><label> Correo electr\u00f3nico<br \/>\n<span class=\"wpcf7-form-control-wrap\" data-name=\"your-email\"><input size=\"40\" class=\"wpcf7-form-control wpcf7-text wpcf7-email wpcf7-validates-as-required wpcf7-validates-as-email\" autocomplete=\"email\" aria-required=\"true\" aria-invalid=\"false\" value=\"\" type=\"email\" name=\"your-email\" \/><\/span> <\/label>\n<\/p>\n<p><label>Tel\u00e9fono<br \/>\n<span class=\"wpcf7-form-control-wrap\" data-name=\"your-subject\"><input size=\"40\" class=\"wpcf7-form-control wpcf7-text wpcf7-validates-as-required\" aria-required=\"true\" aria-invalid=\"false\" value=\"\" type=\"text\" name=\"your-subject\" \/><\/span> <\/label>\n<\/p>\n<p><label> Mensaje<br \/>\n<span class=\"wpcf7-form-control-wrap\" data-name=\"your-message\"><textarea cols=\"40\" rows=\"10\" class=\"wpcf7-form-control wpcf7-textarea\" aria-invalid=\"false\" name=\"your-message\"><\/textarea><\/span> <\/label>\n<\/p>\n<p><input class=\"wpcf7-form-control has-spinner wpcf7-submit\" type=\"submit\" value=\"Enviar\" \/>\n<\/p><div class=\"wpcf7-response-output\" aria-hidden=\"true\"><\/div>\n<\/form>\n<\/div>\n<div  class=\"kleo-gap\" style=\"height:40px;line-height:40px;\"><\/div><a class=\"kleo-icon-anchor\" href=\"https:\/\/wa.me\/1141689868\" target=\"_blank\"><i class=\"icon-whatsapp icon-2x\"style=\"color: #ffffff;padding: 0 15px\"><\/i><\/a><a class=\"kleo-icon-anchor\" href=\"https:\/\/www.instagram.com\/four4master\/\" target=\"_self\"><i class=\"icon-instagramm icon-2x\"style=\"color: #ffffff;padding: 0 15px\"><\/i><\/a>[\/vc_column][\/vc_row]<\/p>\n<\/section>","protected":false},"excerpt":{"rendered":"<p>[vc_row el_id=&#8221;home&#8221; inner_container=&#8221;no&#8221; text_align=&#8221;center&#8221; text_color=&#8221;#ffffff&#8221; type=&#8221;image&#8221; enable_parallax=&#8221;false&#8221; parallax_speed=&#8221;0.3&#8243; padding_top=&#8221;0&#8243; padding_bottom=&#8221;0&#8243; padding_left=&#8221;0&#8243; padding_right=&#8221;0&#8243;][vc_column css=&#8221;.vc_custom_1690460223325{background-position: center !important;background-repeat: no-repeat !important;background-size: cover !important;}&#8221;][\/vc_column][\/vc_row][vc_row type=&#8221;color&#8221; bg_color=&#8221;#f8f8f8&#8243; column_gap=&#8221;no&#8221; padding_top=&#8221;0&#8243; padding_bottom=&#8221;0&#8243;][vc_column z_index=&#8221;10&#8243; css=&#8221;.vc_custom_1454348779620{margin-top: -40px !important;background-color: #ffffff !important;}&#8221; offset=&#8221;vc_col-lg-offset-1 vc_col-lg-10 vc_col-md-offset-1 vc_col-md-10 vc_col-xs-12&#8243;][vc_row_inner equal_height=&#8221;yes&#8221; content_placement=&#8221;middle&#8221;][vc_column_inner][vc_custom_heading text=&#8221;SOMOS UNA EMPRESA L\u00cdDER EN LA REALIZACI\u00d3N DE SERVICIOS DE LIMPIEZA&#8221; font_container=&#8221;tag:h2|font_size:30px|text_align:center|color:%231b5f62|line_height:36px&#8221; use_theme_fonts=&#8221;yes&#8221; css=&#8221;.vc_custom_1690465142018{margin-bottom: 15px !important;}&#8221;][vc_separator color=&#8221;peacoc&#8221; border_width=&#8221;4&#8243; el_width=&#8221;20&#8243; css=&#8221;.vc_custom_1690463944659{margin-bottom: 35px !important;}&#8221;][vc_column_text css=&#8221;.vc_custom_1691412888906{margin-bottom: [&hellip;]<\/p>\n","protected":false},"author":1,"featured_media":0,"parent":0,"menu_order":0,"comment_status":"closed","ping_status":"closed","template":"page-templates\/full-width.php","meta":{"om_disable_all_campaigns":false,"_monsterinsights_skip_tracking":false,"_monsterinsights_sitenote_active":false,"_monsterinsights_sitenote_note":"","_monsterinsights_sitenote_category":0,"_joinchat":[]},"aioseo_notices":[],"_links":{"self":[{"href":"https:\/\/four-master.com\/index.php\/wp-json\/wp\/v2\/pages\/13"}],"collection":[{"href":"https:\/\/four-master.com\/index.php\/wp-json\/wp\/v2\/pages"}],"about":[{"href":"https:\/\/four-master.com\/index.php\/wp-json\/wp\/v2\/types\/page"}],"author":[{"embeddable":true,"href":"https:\/\/four-master.com\/index.php\/wp-json\/wp\/v2\/users\/1"}],"replies":[{"embeddable":true,"href":"https:\/\/four-master.com\/index.php\/wp-json\/wp\/v2\/comments?post=13"}],"version-history":[{"count":45,"href":"https:\/\/four-master.com\/index.php\/wp-json\/wp\/v2\/pages\/13\/revisions"}],"predecessor-version":[{"id":152,"href":"https:\/\/four-master.com\/index.php\/wp-json\/wp\/v2\/pages\/13\/revisions\/152"}],"wp:attachment":[{"href":"https:\/\/four-master.com\/index.php\/wp-json\/wp\/v2\/media?parent=13"}],"curies":[{"name":"wp","href":"https:\/\/api.w.org\/{rel}","templated":true}]}}